{"id":1245,"date":"2018-06-04T11:18:30","date_gmt":"2018-06-04T09:18:30","guid":{"rendered":"https:\/\/bayernedu.wordpress.com\/?page_id=1245"},"modified":"2020-07-10T15:07:53","modified_gmt":"2020-07-10T13:07:53","slug":"datenschutz","status":"publish","type":"page","link":"https:\/\/bayernedu.net\/index.php\/datenschutz\/","title":{"rendered":"Datenschutz"},"content":{"rendered":"<h2>Grundlagen<\/h2>\n<ul>\n<li>Diese Seite l\u00e4uft mit WordPress und wird in Deutschland gehostet<\/li>\n<\/ul>\n<h2>Pers\u00f6nliche Daten<\/h2>\n<ul>\n<li>Die Sammlung und Speicherung pers\u00f6nlicher Daten ist soweit m\u00f6glich eingeschr\u00e4nkt. Nicht aktiviert sind die Funktionen:<br \/>\n\u2013 Kommentare<br \/>\n\u2013 Social Bookmarks\u00a0 (Facebook, Google+ &amp; Co)<br \/>\n\u2013 Kontaktformulare<br \/>\n\u2013 \u201eFolgen\u201c (automatische Benachrichtigung \u00fcber neue Beitr\u00e4ge)<\/li>\n<li>Es wird ein Cookie eingesetzt, das aber nur f\u00fcr angemeldete Benutzer, z. B. Redakteure, verwendet wird.<\/li>\n<li>Dienste Dritter<br \/>\nEs werden gelegentlich Inhalte \u201eDritter\u201c eingebunden, z. B. von Youtube, Google-Maps. In dem Fall gelten die Datenschutzbestimmungen des jeweiligen Dienstes.<\/li>\n<\/ul>\n<p>Diese Website nutzt keine Funktionen externer Webanalysedienste wie Google Analytics. Statistiken werden nur intern zu Optimierungszwecken erhoben. S\u00e4mtliche IP-Adressen werden anonymisiert. Personenbezogene Daten werden nicht gesondert erhoben.<\/p>\n<p>Allerdings \u00fcbernehmen wir keine Verantwortung f\u00fcr Software (wie Plugins oder den WP-Core)! Wir verstehen uns als Community dem OER-Gedanken verpflichtet und sind nicht an personenbezogenen Daten und deren Erhebung interessiert.<\/p>\n<p><strong>Browser Plugin<\/strong><\/p>\n<p>Sie k\u00f6nnen die Speicherung der Cookies durch eine entsprechende Einstellung Ihrer Browser-Software verhindern; wir weisen Sie jedoch darauf hin, dass Sie in diesem Fall gegebenenfalls nicht s\u00e4mtliche Funktionen dieser Website vollumf\u00e4nglich werden nutzen k\u00f6nnen.<\/p>\n<h2>Datenschutzerkl\u00e4rung f\u00fcr die Nutzung von Twitter<\/h2>\n<p>Auf unseren Seiten sind Funktionen des Dienstes Twitter eingebunden. Diese Funktionen werden angeboten durch die Twitter Inc., 1355 Market Street, Suite 900, San Francisco, CA 94103, USA. Durch das Benutzen von Twitter und der Funktion &#8222;Re-Tweet&#8220; werden die von Ihnen besuchten Webseiten mit Ihrem Twitter-Account verkn\u00fcpft und anderen Nutzern bekannt gegeben. Dabei werden auch Daten an Twitter \u00fcbertragen. Wir weisen darauf hin, dass wir als Anbieter der Seiten keine Kenntnis vom Inhalt der \u00fcbermittelten Daten sowie deren Nutzung durch Twitter erhalten. Weitere Informationen hierzu finden Sie in der Datenschutzerkl\u00e4rung von<br \/>\nTwitter unter <a href=\"http:\/\/twitter.com\/privacy\">http:\/\/twitter.com\/privacy<\/a>.<\/p>\n<p>Ihre Datenschutzeinstellungen bei Twitter k\u00f6nnen Sie in den Konto-Einstellungen unter: <a href=\"http:\/\/twitter.com\/account\/settings\">http:\/\/twitter.com\/account\/settings<\/a><br \/>\n\u00e4ndern.<\/p>\n<h2>Datenschutzerkl\u00e4rung f\u00fcr die Nutzung von YouTube<\/h2>\n<p>Unsere Webseite nutzt Plugins der von Google betriebenen Seite YouTube. Betreiber der Seiten ist die YouTube, LLC, 901 Cherry Ave., San Bruno, CA 94066, USA. Wenn Sie eine unserer mit einem YouTube-Plugin ausgestatteten Seiten besuchen, wird eine Verbindung zu den Servern von YouTube hergestellt. Dabei wird dem Youtube-Server mitgeteilt, welche unserer Seiten Sie besucht haben.<\/p>\n<p>Wenn Sie in Ihrem YouTube-Account eingeloggt sind erm\u00f6glichen Sie YouTube, Ihr Surfverhalten direkt Ihrem pers\u00f6nlichen Profil zuzuordnen. Dies k\u00f6nnen Sie verhindern, indem Sie sich aus Ihrem YouTube-Account ausloggen.<\/p>\n<p>Weitere Informationen zum Umgang von Nutzerdaten finden Sie in der Datenschutzerkl\u00e4rung von<br \/>\nYouTube unter: <a href=\"https:\/\/www.google.de\/intl\/de\/policies\/privacy\">https:\/\/www.google.de\/intl\/de\/policies\/privacy<\/a><\/p>\n<h2>Widerspruch Werbe-Mails<\/h2>\n<p>Der Nutzung von im Rahmen der Impressumspflicht ver\u00f6ffentlichten Kontaktdaten zur \u00dcbersendung von nicht ausdr\u00fccklich angeforderter Werbung\u00a0und Informationsmaterialien wird hiermit widersprochen. Die Betreiber der Seiten behalten sich ausdr\u00fccklich rechtliche Schritte im Falle der unverlangten Zusendung von Werbeinformationen, etwa durch Spam-E-Mails, vor.<\/p>\n","protected":false},"excerpt":{"rendered":"<p>Grundlagen Diese Seite l\u00e4uft mit WordPress und wird in Deutschland gehostet Pers\u00f6nliche Daten Die Sammlung und Speicherung pers\u00f6nlicher Daten ist soweit m\u00f6glich eingeschr\u00e4nkt. Nicht aktiviert sind die Funktionen: \u2013 Kommentare \u2013 Social Bookmarks\u00a0 (Facebook, Google+ &amp; Co) \u2013 Kontaktformulare \u2013 \u201eFolgen\u201c (automatische Benachrichtigung \u00fcber neue Beitr\u00e4ge) Es wird ein Cookie [&hellip;]<\/p>\n","protected":false},"author":2,"featured_media":0,"parent":0,"menu_order":0,"comment_status":"closed","ping_status":"closed","template":"","meta":{"footnotes":""},"class_list":["post-1245","page","type-page","status-publish","hentry"],"_links":{"self":[{"href":"https:\/\/bayernedu.net\/index.php\/wp-json\/wp\/v2\/pages\/1245","targetHints":{"allow":["GET"]}}],"collection":[{"href":"https:\/\/bayernedu.net\/index.php\/wp-json\/wp\/v2\/pages"}],"about":[{"href":"https:\/\/bayernedu.net\/index.php\/wp-json\/wp\/v2\/types\/page"}],"author":[{"embeddable":true,"href":"https:\/\/bayernedu.net\/index.php\/wp-json\/wp\/v2\/users\/2"}],"replies":[{"embeddable":true,"href":"https:\/\/bayernedu.net\/index.php\/wp-json\/wp\/v2\/comments?post=1245"}],"version-history":[{"count":3,"href":"https:\/\/bayernedu.net\/index.php\/wp-json\/wp\/v2\/pages\/1245\/revisions"}],"predecessor-version":[{"id":2165,"href":"https:\/\/bayernedu.net\/index.php\/wp-json\/wp\/v2\/pages\/1245\/revisions\/2165"}],"wp:attachment":[{"href":"https:\/\/bayernedu.net\/index.php\/wp-json\/wp\/v2\/media?parent=1245"}],"curies":[{"name":"wp","href":"https:\/\/api.w.org\/{rel}","templated":true}]}}